{"id":53,"date":"2016-11-15T12:53:37","date_gmt":"2016-11-15T11:53:37","guid":{"rendered":"http:\/\/jestesmyrazem.org.pl\/?page_id=53"},"modified":"2021-04-21T10:42:56","modified_gmt":"2021-04-21T08:42:56","slug":"o-nas","status":"publish","type":"page","link":"http:\/\/jestesmyrazem.org.pl\/?page_id=53","title":{"rendered":"O nas"},"content":{"rendered":"<p>Stowarzyszenie na Rzecz Os\u00f3b Niepe\u0142nosprawnych i Profilaktyki Zdrowia \u201eJeste\u015bmy Razem\u201d z siedzib\u0105 w G\u00f3rowie I\u0142aweckim od 2003 roku prowadzi szerokie dzia\u0142ania na rzecz os\u00f3b niepe\u0142nosprawnych, starszych i wykluczonych.<\/p>\n<p>W ramach dzia\u0142alno\u015bci Stowarzyszenia od pocz\u0105tku 2007 roku funkcjonuje dzienny o\u015brodek wsparcia Centrum Barka &#8211; czyli \u015arodowiskowy Dom Samopomocy oraz Warsztat Terapii Zaj\u0119ciowej w G\u00f3rowie I\u0142aweckim.<\/p>\n<p>Podstawowym celem dzia\u0142alno\u015bci Barki jest zwi\u0119kszenie aktywno\u015bci \u017cyciowej i zaradno\u015bci uczestnik\u00f3w, przeciwdzia\u0142anie wykluczeniu spo\u0142ecznemu, zaspokojenie potrzeb bytowych i edukacyjnych, ukierunkowanych na podtrzymanie i rozwijanie umiej\u0119tno\u015bci niezb\u0119dnych do samodzielnego \u017cycia. Do o\u015brodka obecnie ucz\u0119szcza 85 uczestnik\u00f3w z terenu Miasta i Gminy G\u00f3rowo I\u0142aweckie.<\/p>\n<p>Praca z osobami niepe\u0142nosprawnymi realizowana jest w 14 pracowniach (m.in. fotograficznej, artystycznej, krawieckiej, gospodarstwa domowego, komputerowo-multimedialnej, edukacyjnej, r\u0119kodzie\u0142a i ceramiki, radiowej, techniczno stolarskiej). Do dyspozycji uczestnik\u00f3w jest r\u00f3wnie\u017c sala rehabilitacyjna, si\u0142ownia, sauna i sala bilardowa (<em>jestesmyrazem.org.pl<\/em>).<\/p>\n<p>W ramach sekcji radiowej \u015aDS, w 2012r. powsta\u0142o <strong>Radio G\u00f3rowo <\/strong>(<em>Facebook: Radio G\u00f3rowo<\/em>). Codziennie od 10.00 do 13.00 uczestnicy prowadz\u0105 audycj\u0119 na \u017cywo, podczas kt\u00f3rej przedstawiane s\u0105 lokalne wiadomo\u015bci, kalendarium, horoskop oraz prowadzona jest audycja &#8222;Pozdrawiam Ci\u0119 gor\u0105co&#8221; (odtwarzacz radiowy znajduje si\u0119 na stronie <em>jestesmyrazem.org.pl<\/em>).<\/p>\n<p>Od 2014 roku w ramach sekcji komputerowo-multimedialnej\u00a0 \u015arodowiskowego\u00a0 Domu Samopomocy prowadzona jest r\u00f3wnie\u017c <strong>Telewizja G\u00f3rowo <\/strong><em>(tvgorowo.eu, Facebook: TV G\u00f3rowo, YouTube: TV G\u00f3rowo).<\/em> Raz w miesi\u0105cu powstaj\u0105 dwa autorskie programy &#8222;Wiadomo\u015bci G\u00f3rowskie&#8221; i &#8222;Puls G\u00f3rowa&#8221;, kt\u00f3re udost\u0119pniane s\u0105 w Internecie i telewizji kablowej Macrosat. Po roku dzia\u0142alno\u015bci Telewizja otrzyma\u0142a tytu\u0142 <strong>Wolontariusza Roku Miasta G\u00f3rowo I\u0142aweckie.<\/strong><\/p>\n<p>O\u015brodek aktywnie uczestniczy w \u017cyciu lokalnej spo\u0142eczno\u015bci, w ci\u0105gu roku organizowane s\u0105\u00a0 imprezy cykliczne, takie jak: Filmowy Piknik z Barej\u0105, Dni Staropruskie czy Wojew\u00f3dzki Turniej Tenisa Sto\u0142owego o Puchar Prezesa Stowarzyszenia &#8222;Jeste\u015bmy Razem&#8221;. Barka regularnie wsp\u00f3\u0142pracuje z innymi o\u015brodkami wsparcia i lokalnymi instytucjami (MOPS, GOPS, Warsztaty Terapii Zaj\u0119ciowej, \u015arodowiskowe Domy Samopomocy, Domy Pomocy Spo\u0142ecznej, Caritas, O\u015brodek Kultury, szko\u0142y, Urz\u0105d Miasta, Urz\u0105d Gminy, zak\u0142ady opieki zdrowotnej, Zak\u0142ad Karny).<\/p>\n<p>Od 2017 roku przy Stowarzyszeniu dzia\u0142a <strong>Uniwersytet Trzeciego Wieku<\/strong>, kt\u00f3ry zapewnia seniorom z Miasta i Gminy aktywne sp\u0119dzanie wolnego czasu <em>(Facebook: Uniwersytet Trzeciego Wieku w G\u00f3rowie I\u0142aweckim<\/em>). W zaj\u0119ciach bierze udzia\u0142 regularnie kilkadziesi\u0105t os\u00f3b. W ramach Uniwersytetu prowadzone s\u0105 wyk\u0142ady dla s\u0142uchaczy, warsztaty r\u0119kodzie\u0142a, kurs j\u0119zyka angielskiego, wyjazdy na basen, spotkania integracyjne.<\/p>\n<p>Od pocz\u0105tku dzia\u0142alno\u015bci Stowarzyszenia &#8222;Jeste\u015bmy Razem&#8221; utrzymywane s\u0105 wysokie standardy pracy. Podejmowane s\u0105 nowe wyzwania, kt\u00f3re s\u0142u\u017c\u0105 rozwojowi uczestnik\u00f3w. Celem, kt\u00f3ry przy\u015bwieca kadrze by\u0142o i jest zawsze dobro uczestnika.<\/p>\n<p>W 2013 roku doceniona\u00a0 zosta\u0142a dzia\u0142alno\u015b\u0107 stowarzyszenia\u00a0 i Pan Piotr Rafa\u0142 Baczewski &#8211; prezes Stowarzyszenia &#8222;Jeste\u015bmy Razem\u201d i szef Centrum Barka otrzyma\u0142 <strong>Nagrod\u0119 Marsza\u0142ka<\/strong> Wojew\u00f3dztwa <strong>Warmi\u0144sko-Mazurskiego<\/strong> za wybitne osi\u0105gni\u0119cia w dziedzinie pomocy spo\u0142ecznej.<\/p>\n<p>Rok 2016 to kolejne wyr\u00f3\u017cnienie dla szefa Barki i tytu\u0142 <strong>Wolontariusza Roku w Powiecie Bartoszyckim i Wolontariusza Roku Miasta G\u00f3rowo I\u0142aweckie.<\/strong><\/p>\n<p>W 2017 roku Centrum Barka otrzyma\u0142o certyfikat <strong>Produkt Warmia Mazury<\/strong>, w kategorii us\u0142uga spo\u0142eczna. O\u015brodek zosta\u0142 wyr\u00f3\u017cniony za dzia\u0142ania wzbogacaj\u0105ce wojew\u00f3dztwo warmi\u0144sko-mazurskie.<\/p>\n<p>W 2018 roku Stowarzyszenie \u201eJeste\u015bmy Razem\u201d zosta\u0142o nagrodzone medalem \u201eAmicus Bonus\u201d przez Wojewod\u0119 Warmi\u0144sko- Mazurskiego m.in. za projekty i przedsi\u0119wzi\u0119cia na rzecz os\u00f3b niepe\u0142nosprawnych i starszych.<\/p>\n<p>W 2019 roku Kierownik Warsztatu Terapii Zaj\u0119ciowej Anna Baczewska\u00a0 otrzyma\u0142a tytu\u0142<strong> Wolontariusza Roku<\/strong>.<\/p>\n<p>Prezes Stowarzyszenia jest r\u00f3wnie\u017c pomys\u0142odawc\u0105\u00a0 utworzenia Domu Pomocy Spo\u0142ecznej w Worynach (2020).<\/p>\n<div id='gallery-1' class='gallery galleryid-53 gallery-columns-3 gallery-size-thumbnail'><figure class='gallery-item'>\n\t\t\t<div class='gallery-icon portrait'>\n\t\t\t\t<img loading=\"lazy\" decoding=\"async\" width=\"150\" height=\"150\" src=\"http:\/\/jestesmyrazem.org.pl\/wp-content\/uploads\/2016\/11\/logo-1-150x150.jpg\" class=\"attachment-thumbnail size-thumbnail\" alt=\"\" \/>\n\t\t\t<\/div><\/figure>\n\t\t<\/div>\n\n<div id='gallery-2' class='gallery galleryid-53 gallery-columns-6 gallery-size-thumbnail'><figure class='gallery-item'>\n\t\t\t<div class='gallery-icon landscape'>\n\t\t\t\t<a title=\"02145\" href='http:\/\/jestesmyrazem.org.pl\/wp-content\/uploads\/2016\/11\/02145.jpg'><img loading=\"lazy\" decoding=\"async\" width=\"150\" height=\"150\" src=\"http:\/\/jestesmyrazem.org.pl\/wp-content\/uploads\/2016\/11\/02145-150x150.jpg\" class=\"attachment-thumbnail size-thumbnail\" alt=\"\" \/><\/a>\n\t\t\t<\/div><\/figure><figure class='gallery-item'>\n\t\t\t<div class='gallery-icon landscape'>\n\t\t\t\t<a title=\"CB100\" href='http:\/\/jestesmyrazem.org.pl\/wp-content\/uploads\/2016\/11\/CB100.jpg'><img loading=\"lazy\" decoding=\"async\" width=\"150\" height=\"150\" src=\"http:\/\/jestesmyrazem.org.pl\/wp-content\/uploads\/2016\/11\/CB100-150x150.jpg\" class=\"attachment-thumbnail size-thumbnail\" alt=\"\" \/><\/a>\n\t\t\t<\/div><\/figure><figure class='gallery-item'>\n\t\t\t<div class='gallery-icon landscape'>\n\t\t\t\t<a title=\"04139\" href='http:\/\/jestesmyrazem.org.pl\/wp-content\/uploads\/2016\/11\/04139.jpg'><img loading=\"lazy\" decoding=\"async\" width=\"150\" height=\"150\" src=\"http:\/\/jestesmyrazem.org.pl\/wp-content\/uploads\/2016\/11\/04139-150x150.jpg\" class=\"attachment-thumbnail size-thumbnail\" alt=\"\" \/><\/a>\n\t\t\t<\/div><\/figure><figure class='gallery-item'>\n\t\t\t<div class='gallery-icon landscape'>\n\t\t\t\t<a title=\"1062\" href='http:\/\/jestesmyrazem.org.pl\/wp-content\/uploads\/2016\/11\/1062.jpg'><img loading=\"lazy\" decoding=\"async\" width=\"150\" height=\"150\" src=\"http:\/\/jestesmyrazem.org.pl\/wp-content\/uploads\/2016\/11\/1062-150x150.jpg\" class=\"attachment-thumbnail size-thumbnail\" alt=\"\" \/><\/a>\n\t\t\t<\/div><\/figure><figure class='gallery-item'>\n\t\t\t<div class='gallery-icon landscape'>\n\t\t\t\t<a title=\"08106\" href='http:\/\/jestesmyrazem.org.pl\/wp-content\/uploads\/2016\/11\/08106.jpg'><img loading=\"lazy\" decoding=\"async\" width=\"150\" height=\"150\" src=\"http:\/\/jestesmyrazem.org.pl\/wp-content\/uploads\/2016\/11\/08106-150x150.jpg\" class=\"attachment-thumbnail size-thumbnail\" alt=\"\" \/><\/a>\n\t\t\t<\/div><\/figure><figure class='gallery-item'>\n\t\t\t<div class='gallery-icon landscape'>\n\t\t\t\t<a title=\"DSC04385\" href='http:\/\/jestesmyrazem.org.pl\/wp-content\/uploads\/2016\/11\/DSC04385.jpg'><img loading=\"lazy\" decoding=\"async\" width=\"150\" height=\"150\" src=\"http:\/\/jestesmyrazem.org.pl\/wp-content\/uploads\/2016\/11\/DSC04385-150x150.jpg\" class=\"attachment-thumbnail size-thumbnail\" alt=\"\" \/><\/a>\n\t\t\t<\/div><\/figure><figure class='gallery-item'>\n\t\t\t<div class='gallery-icon landscape'>\n\t\t\t\t<a title=\"DSC04344\" href='http:\/\/jestesmyrazem.org.pl\/wp-content\/uploads\/2016\/11\/DSC04344.jpg'><img loading=\"lazy\" decoding=\"async\" width=\"150\" height=\"150\" src=\"http:\/\/jestesmyrazem.org.pl\/wp-content\/uploads\/2016\/11\/DSC04344-150x150.jpg\" class=\"attachment-thumbnail size-thumbnail\" alt=\"\" \/><\/a>\n\t\t\t<\/div><\/figure><figure class='gallery-item'>\n\t\t\t<div class='gallery-icon landscape'>\n\t\t\t\t<a title=\"0595\" href='http:\/\/jestesmyrazem.org.pl\/wp-content\/uploads\/2016\/11\/0595.jpg'><img loading=\"lazy\" decoding=\"async\" width=\"150\" height=\"150\" src=\"http:\/\/jestesmyrazem.org.pl\/wp-content\/uploads\/2016\/11\/0595-150x150.jpg\" class=\"attachment-thumbnail size-thumbnail\" alt=\"\" \/><\/a>\n\t\t\t<\/div><\/figure><figure class='gallery-item'>\n\t\t\t<div class='gallery-icon landscape'>\n\t\t\t\t<a title=\"DSC04395\" href='http:\/\/jestesmyrazem.org.pl\/wp-content\/uploads\/2016\/11\/DSC04395.jpg'><img loading=\"lazy\" decoding=\"async\" width=\"150\" height=\"150\" src=\"http:\/\/jestesmyrazem.org.pl\/wp-content\/uploads\/2016\/11\/DSC04395-150x150.jpg\" class=\"attachment-thumbnail size-thumbnail\" alt=\"\" \/><\/a>\n\t\t\t<\/div><\/figure><figure class='gallery-item'>\n\t\t\t<div class='gallery-icon landscape'>\n\t\t\t\t<a title=\"DSC04351\" href='http:\/\/jestesmyrazem.org.pl\/wp-content\/uploads\/2016\/11\/DSC04351.jpg'><img loading=\"lazy\" decoding=\"async\" width=\"150\" height=\"150\" src=\"http:\/\/jestesmyrazem.org.pl\/wp-content\/uploads\/2016\/11\/DSC04351-150x150.jpg\" class=\"attachment-thumbnail size-thumbnail\" alt=\"\" \/><\/a>\n\t\t\t<\/div><\/figure><figure class='gallery-item'>\n\t\t\t<div class='gallery-icon landscape'>\n\t\t\t\t<a title=\"DSC04404\" href='http:\/\/jestesmyrazem.org.pl\/wp-content\/uploads\/2016\/11\/DSC04404.jpg'><img loading=\"lazy\" decoding=\"async\" width=\"150\" height=\"150\" src=\"http:\/\/jestesmyrazem.org.pl\/wp-content\/uploads\/2016\/11\/DSC04404-150x150.jpg\" class=\"attachment-thumbnail size-thumbnail\" alt=\"\" \/><\/a>\n\t\t\t<\/div><\/figure><figure class='gallery-item'>\n\t\t\t<div class='gallery-icon landscape'>\n\t\t\t\t<a title=\"DSC04343\" href='http:\/\/jestesmyrazem.org.pl\/wp-content\/uploads\/2016\/11\/DSC04343.jpg'><img loading=\"lazy\" decoding=\"async\" width=\"150\" height=\"150\" src=\"http:\/\/jestesmyrazem.org.pl\/wp-content\/uploads\/2016\/11\/DSC04343-150x150.jpg\" class=\"attachment-thumbnail size-thumbnail\" alt=\"\" \/><\/a>\n\t\t\t<\/div><\/figure><figure class='gallery-item'>\n\t\t\t<div class='gallery-icon landscape'>\n\t\t\t\t<a title=\"DSC04350\" href='http:\/\/jestesmyrazem.org.pl\/wp-content\/uploads\/2016\/11\/DSC04350.jpg'><img loading=\"lazy\" decoding=\"async\" width=\"150\" height=\"150\" src=\"http:\/\/jestesmyrazem.org.pl\/wp-content\/uploads\/2016\/11\/DSC04350-150x150.jpg\" class=\"attachment-thumbnail size-thumbnail\" alt=\"\" \/><\/a>\n\t\t\t<\/div><\/figure><figure class='gallery-item'>\n\t\t\t<div class='gallery-icon landscape'>\n\t\t\t\t<a title=\"1241\" href='http:\/\/jestesmyrazem.org.pl\/wp-content\/uploads\/2016\/11\/1241.jpg'><img loading=\"lazy\" decoding=\"async\" width=\"150\" height=\"150\" src=\"http:\/\/jestesmyrazem.org.pl\/wp-content\/uploads\/2016\/11\/1241-150x150.jpg\" class=\"attachment-thumbnail size-thumbnail\" alt=\"\" \/><\/a>\n\t\t\t<\/div><\/figure><figure class='gallery-item'>\n\t\t\t<div class='gallery-icon landscape'>\n\t\t\t\t<a title=\"dsc09943\" href='http:\/\/jestesmyrazem.org.pl\/wp-content\/uploads\/2016\/11\/DSC09943.jpg'><img loading=\"lazy\" decoding=\"async\" width=\"150\" height=\"150\" src=\"http:\/\/jestesmyrazem.org.pl\/wp-content\/uploads\/2016\/11\/DSC09943-150x150.jpg\" class=\"attachment-thumbnail size-thumbnail\" alt=\"\" \/><\/a>\n\t\t\t<\/div><\/figure><figure class='gallery-item'>\n\t\t\t<div class='gallery-icon landscape'>\n\t\t\t\t<a title=\"DSC04335\" href='http:\/\/jestesmyrazem.org.pl\/wp-content\/uploads\/2016\/11\/DSC04335.jpg'><img loading=\"lazy\" decoding=\"async\" width=\"150\" height=\"150\" src=\"http:\/\/jestesmyrazem.org.pl\/wp-content\/uploads\/2016\/11\/DSC04335-150x150.jpg\" class=\"attachment-thumbnail size-thumbnail\" alt=\"\" \/><\/a>\n\t\t\t<\/div><\/figure><figure class='gallery-item'>\n\t\t\t<div class='gallery-icon landscape'>\n\t\t\t\t<a title=\"1613\" href='http:\/\/jestesmyrazem.org.pl\/wp-content\/uploads\/2016\/11\/1613.jpg'><img loading=\"lazy\" decoding=\"async\" width=\"150\" height=\"150\" src=\"http:\/\/jestesmyrazem.org.pl\/wp-content\/uploads\/2016\/11\/1613-150x150.jpg\" class=\"attachment-thumbnail size-thumbnail\" alt=\"\" \/><\/a>\n\t\t\t<\/div><\/figure><figure class='gallery-item'>\n\t\t\t<div class='gallery-icon landscape'>\n\t\t\t\t<a title=\"175585808_2649280125369560_1049949993974629461_n\" href='http:\/\/jestesmyrazem.org.pl\/wp-content\/uploads\/2021\/04\/175585808_2649280125369560_1049949993974629461_n.jpg'><img loading=\"lazy\" decoding=\"async\" width=\"150\" height=\"150\" src=\"http:\/\/jestesmyrazem.org.pl\/wp-content\/uploads\/2021\/04\/175585808_2649280125369560_1049949993974629461_n-150x150.jpg\" class=\"attachment-thumbnail size-thumbnail\" alt=\"\" \/><\/a>\n\t\t\t<\/div><\/figure><figure class='gallery-item'>\n\t\t\t<div class='gallery-icon landscape'>\n\t\t\t\t<a title=\"175102055_259916569163184_3771339692980682609_n\" href='http:\/\/jestesmyrazem.org.pl\/wp-content\/uploads\/2021\/04\/175102055_259916569163184_3771339692980682609_n.jpg'><img loading=\"lazy\" decoding=\"async\" width=\"150\" height=\"150\" src=\"http:\/\/jestesmyrazem.org.pl\/wp-content\/uploads\/2021\/04\/175102055_259916569163184_3771339692980682609_n-150x150.jpg\" class=\"attachment-thumbnail size-thumbnail\" alt=\"\" \/><\/a>\n\t\t\t<\/div><\/figure><figure class='gallery-item'>\n\t\t\t<div class='gallery-icon landscape'>\n\t\t\t\t<a title=\"175681560_276775607440910_117376722820474533_n\" href='http:\/\/jestesmyrazem.org.pl\/wp-content\/uploads\/2021\/04\/175681560_276775607440910_117376722820474533_n.jpg'><img loading=\"lazy\" decoding=\"async\" width=\"150\" height=\"150\" src=\"http:\/\/jestesmyrazem.org.pl\/wp-content\/uploads\/2021\/04\/175681560_276775607440910_117376722820474533_n-150x150.jpg\" class=\"attachment-thumbnail size-thumbnail\" alt=\"\" \/><\/a>\n\t\t\t<\/div><\/figure><figure class='gallery-item'>\n\t\t\t<div class='gallery-icon landscape'>\n\t\t\t\t<a title=\"175695552_3847506128680701_4629914076453378991_n\" href='http:\/\/jestesmyrazem.org.pl\/wp-content\/uploads\/2021\/04\/175695552_3847506128680701_4629914076453378991_n.jpg'><img loading=\"lazy\" decoding=\"async\" width=\"150\" height=\"150\" src=\"http:\/\/jestesmyrazem.org.pl\/wp-content\/uploads\/2021\/04\/175695552_3847506128680701_4629914076453378991_n-150x150.jpg\" class=\"attachment-thumbnail size-thumbnail\" alt=\"\" \/><\/a>\n\t\t\t<\/div><\/figure><figure class='gallery-item'>\n\t\t\t<div class='gallery-icon landscape'>\n\t\t\t\t<a title=\"175921966_1660603440815228_5768941666437146426_n\" href='http:\/\/jestesmyrazem.org.pl\/wp-content\/uploads\/2021\/04\/175921966_1660603440815228_5768941666437146426_n.jpg'><img loading=\"lazy\" decoding=\"async\" width=\"150\" height=\"150\" src=\"http:\/\/jestesmyrazem.org.pl\/wp-content\/uploads\/2021\/04\/175921966_1660603440815228_5768941666437146426_n-150x150.jpg\" class=\"attachment-thumbnail size-thumbnail\" alt=\"\" \/><\/a>\n\t\t\t<\/div><\/figure><figure class='gallery-item'>\n\t\t\t<div class='gallery-icon landscape'>\n\t\t\t\t<a title=\"175937536_238247558084918_6716896394430284193_n\" href='http:\/\/jestesmyrazem.org.pl\/wp-content\/uploads\/2021\/04\/175937536_238247558084918_6716896394430284193_n.jpg'><img loading=\"lazy\" decoding=\"async\" width=\"150\" height=\"150\" src=\"http:\/\/jestesmyrazem.org.pl\/wp-content\/uploads\/2021\/04\/175937536_238247558084918_6716896394430284193_n-150x150.jpg\" class=\"attachment-thumbnail size-thumbnail\" alt=\"\" \/><\/a>\n\t\t\t<\/div><\/figure><figure class='gallery-item'>\n\t\t\t<div class='gallery-icon landscape'>\n\t\t\t\t<a title=\"IMG_0147\" href='http:\/\/jestesmyrazem.org.pl\/wp-content\/uploads\/2021\/04\/IMG_0147.jpg'><img loading=\"lazy\" decoding=\"async\" width=\"150\" height=\"150\" src=\"http:\/\/jestesmyrazem.org.pl\/wp-content\/uploads\/2021\/04\/IMG_0147-150x150.jpg\" class=\"attachment-thumbnail size-thumbnail\" alt=\"\" \/><\/a>\n\t\t\t<\/div><\/figure><figure class='gallery-item'>\n\t\t\t<div class='gallery-icon landscape'>\n\t\t\t\t<a title=\"IMG_0152\" href='http:\/\/jestesmyrazem.org.pl\/wp-content\/uploads\/2021\/04\/IMG_0152.jpg'><img loading=\"lazy\" decoding=\"async\" width=\"150\" height=\"150\" src=\"http:\/\/jestesmyrazem.org.pl\/wp-content\/uploads\/2021\/04\/IMG_0152-150x150.jpg\" class=\"attachment-thumbnail size-thumbnail\" alt=\"\" \/><\/a>\n\t\t\t<\/div><\/figure><figure class='gallery-item'>\n\t\t\t<div class='gallery-icon landscape'>\n\t\t\t\t<a title=\"IMG_0158\" href='http:\/\/jestesmyrazem.org.pl\/wp-content\/uploads\/2021\/04\/IMG_0158.jpg'><img loading=\"lazy\" decoding=\"async\" width=\"150\" height=\"150\" src=\"http:\/\/jestesmyrazem.org.pl\/wp-content\/uploads\/2021\/04\/IMG_0158-150x150.jpg\" class=\"attachment-thumbnail size-thumbnail\" alt=\"\" \/><\/a>\n\t\t\t<\/div><\/figure><figure class='gallery-item'>\n\t\t\t<div class='gallery-icon landscape'>\n\t\t\t\t<a title=\"IMG_0161\" href='http:\/\/jestesmyrazem.org.pl\/wp-content\/uploads\/2021\/04\/IMG_0161.jpg'><img loading=\"lazy\" decoding=\"async\" width=\"150\" height=\"150\" src=\"http:\/\/jestesmyrazem.org.pl\/wp-content\/uploads\/2021\/04\/IMG_0161-150x150.jpg\" class=\"attachment-thumbnail size-thumbnail\" alt=\"\" \/><\/a>\n\t\t\t<\/div><\/figure>\n\t\t<\/div>\n\n<p><iframe loading=\"lazy\" title=\"Centrum Barka - miejsce magiczne\" width=\"1170\" height=\"658\" src=\"https:\/\/www.youtube.com\/embed\/DVXB8HzIgnQ?feature=oembed\" frameborder=\"0\" allow=\"accelerometer; autoplay; clipboard-write; encrypted-media; gyroscope; picture-in-picture; web-share\" referrerpolicy=\"strict-origin-when-cross-origin\" allowfullscreen><\/iframe><\/p>\n","protected":false},"excerpt":{"rendered":"<p>Stowarzyszenie na Rzecz Os\u00f3b Niepe\u0142nosprawnych i Profilaktyki Zdrowia \u201eJeste\u015bmy Razem\u201d z siedzib\u0105 w G\u00f3rowie I\u0142aweckim od 2003 roku prowadzi szerokie dzia\u0142ania na rzecz os\u00f3b niepe\u0142nosprawnych, starszych i wykluczonych. W ramach [&hellip;]<\/p>\n","protected":false},"author":1,"featured_media":2037,"parent":0,"menu_order":0,"comment_status":"closed","ping_status":"closed","template":"","meta":{"footnotes":""},"class_list":["post-53","page","type-page","status-publish","has-post-thumbnail","hentry","clearfix"],"_links":{"self":[{"href":"http:\/\/jestesmyrazem.org.pl\/index.php?rest_route=\/wp\/v2\/pages\/53","targetHints":{"allow":["GET"]}}],"collection":[{"href":"http:\/\/jestesmyrazem.org.pl\/index.php?rest_route=\/wp\/v2\/pages"}],"about":[{"href":"http:\/\/jestesmyrazem.org.pl\/index.php?rest_route=\/wp\/v2\/types\/page"}],"author":[{"embeddable":true,"href":"http:\/\/jestesmyrazem.org.pl\/index.php?rest_route=\/wp\/v2\/users\/1"}],"replies":[{"embeddable":true,"href":"http:\/\/jestesmyrazem.org.pl\/index.php?rest_route=%2Fwp%2Fv2%2Fcomments&post=53"}],"version-history":[{"count":19,"href":"http:\/\/jestesmyrazem.org.pl\/index.php?rest_route=\/wp\/v2\/pages\/53\/revisions"}],"predecessor-version":[{"id":5183,"href":"http:\/\/jestesmyrazem.org.pl\/index.php?rest_route=\/wp\/v2\/pages\/53\/revisions\/5183"}],"wp:featuredmedia":[{"embeddable":true,"href":"http:\/\/jestesmyrazem.org.pl\/index.php?rest_route=\/wp\/v2\/media\/2037"}],"wp:attachment":[{"href":"http:\/\/jestesmyrazem.org.pl\/index.php?rest_route=%2Fwp%2Fv2%2Fmedia&parent=53"}],"curies":[{"name":"wp","href":"https:\/\/api.w.org\/{rel}","templated":true}]}}